{"id":112,"date":"2012-09-03T08:39:04","date_gmt":"2012-09-03T08:39:04","guid":{"rendered":"http:\/\/desalpes-kandersteg.ch\/web\/?page_id=112"},"modified":"2023-12-26T19:11:54","modified_gmt":"2023-12-26T19:11:54","slug":"home-2","status":"publish","type":"page","link":"https:\/\/desalpes-kandersteg.ch\/web\/home-2\/?lang=fr","title":{"rendered":"Home"},"content":{"rendered":"<div class=\"one-half first\">\n<h4>Cordiale bein venue a Kandersteg<\/h4>\n<p>Nous sommes un petit Hotel-Pension tenu, par notre famille. Dans une athmosph\u00e9re d\u00e9tendue vous passeraient un agreable s\u00e9jour ans cet h\u00f4tel<br \/>\n2-etoiles. Nos chambres sont toutes \u00e9quip\u00e9e d&#8217;un WC, d&#8217;une douche ou baignoire, d&#8217;un t\u00e9l\u00e9viseur et un t\u00e9l\u00e9phone. Est inclus un buffet petit-dejeuner.<\/p>\n<p>Notre maison est situer \u00e0 env. 10 min. de la gare et 5 min. du centre du village. Juste \u00e0 c\u00f4te se trouve le site naturel prot\u00e9g\u00e9 &#8222;Muggenseeli&#8220;. En hiver le d\u00e9part des pistes de ski nordiques est d\u00e9rriere la maison. Le bus local s&#8217;arr\u00eate juste devant et vous emm\u00e9ne direct aux d\u00e9parts des remont\u00e9es m\u00e9caniques.<\/p>\n<p>Nous serons tr\u00e9 heureux de vous acceuillic!<\/p>\n<address>Elsbeth und Burkhard Prentler et nos enfants<br \/>\nSascha, Jennifer et Nathalie.<\/address>\n<\/div><div class=\"one-half\">\n<p><span style=\"font-style: italic;\"><div id=\"metaslider-id-541\" style=\"width: 100%;\" class=\"ml-slider-3-93-0 metaslider metaslider-flex metaslider-541 ml-slider ms-theme-default nav-hidden\" role=\"region\" aria-roledescription=\"Slideshow\" aria-label=\"New Slideshow\">\n    <div id=\"metaslider_container_541\">\n        <div id=\"metaslider_541\">\n            <ul class='slides'>\n                <li style=\"display: block; width: 100%;\" class=\"slide-542 ms-image \" aria-roledescription=\"slide\" aria-label=\"slide-542\"><img loading=\"lazy\" decoding=\"async\" src=\"https:\/\/desalpes-kandersteg.ch\/web\/wp-content\/uploads\/2023\/12\/01.jpg\" height=\"460\" width=\"440\" alt=\"\" class=\"slider-541 slide-542\" title=\"01\" \/><\/li>\n                <li style=\"display: none; width: 100%;\" class=\"slide-543 ms-image \" aria-roledescription=\"slide\" aria-label=\"slide-543\"><img loading=\"lazy\" decoding=\"async\" src=\"https:\/\/desalpes-kandersteg.ch\/web\/wp-content\/uploads\/2023\/12\/02.jpg\" height=\"460\" width=\"440\" alt=\"\" class=\"slider-541 slide-543\" title=\"02\" \/><\/li>\n                <li style=\"display: none; width: 100%;\" class=\"slide-544 ms-image \" aria-roledescription=\"slide\" aria-label=\"slide-544\"><img loading=\"lazy\" decoding=\"async\" src=\"https:\/\/desalpes-kandersteg.ch\/web\/wp-content\/uploads\/2023\/12\/03.jpg\" height=\"460\" width=\"440\" alt=\"\" class=\"slider-541 slide-544\" title=\"03\" \/><\/li>\n                <li style=\"display: none; width: 100%;\" class=\"slide-545 ms-image \" aria-roledescription=\"slide\" aria-label=\"slide-545\"><img loading=\"lazy\" decoding=\"async\" src=\"https:\/\/desalpes-kandersteg.ch\/web\/wp-content\/uploads\/2023\/12\/04.jpg\" height=\"460\" width=\"440\" alt=\"\" class=\"slider-541 slide-545\" title=\"04\" \/><\/li>\n                <li style=\"display: none; width: 100%;\" class=\"slide-546 ms-image \" aria-roledescription=\"slide\" aria-label=\"slide-546\"><img loading=\"lazy\" decoding=\"async\" src=\"https:\/\/desalpes-kandersteg.ch\/web\/wp-content\/uploads\/2023\/12\/05.jpg\" height=\"460\" width=\"440\" alt=\"\" class=\"slider-541 slide-546\" title=\"05\" \/><\/li>\n                <li style=\"display: none; width: 100%;\" class=\"slide-547 ms-image \" aria-roledescription=\"slide\" aria-label=\"slide-547\"><img loading=\"lazy\" decoding=\"async\" src=\"https:\/\/desalpes-kandersteg.ch\/web\/wp-content\/uploads\/2023\/12\/06.jpg\" height=\"460\" width=\"440\" alt=\"\" class=\"slider-541 slide-547\" title=\"06\" \/><\/li>\n                <li style=\"display: none; width: 100%;\" class=\"slide-548 ms-image \" aria-roledescription=\"slide\" aria-label=\"slide-548\"><img loading=\"lazy\" decoding=\"async\" src=\"https:\/\/desalpes-kandersteg.ch\/web\/wp-content\/uploads\/2023\/12\/07.jpg\" height=\"460\" width=\"440\" alt=\"\" class=\"slider-541 slide-548\" title=\"07\" \/><\/li>\n                <li style=\"display: none; width: 100%;\" class=\"slide-549 ms-image \" aria-roledescription=\"slide\" aria-label=\"slide-549\"><img loading=\"lazy\" decoding=\"async\" src=\"https:\/\/desalpes-kandersteg.ch\/web\/wp-content\/uploads\/2023\/12\/08.jpg\" height=\"460\" width=\"440\" alt=\"\" class=\"slider-541 slide-549\" title=\"08\" \/><\/li>\n                <li style=\"display: none; width: 100%;\" class=\"slide-550 ms-image \" aria-roledescription=\"slide\" aria-label=\"slide-550\"><img loading=\"lazy\" decoding=\"async\" src=\"https:\/\/desalpes-kandersteg.ch\/web\/wp-content\/uploads\/2023\/12\/09.jpg\" height=\"460\" width=\"440\" alt=\"\" class=\"slider-541 slide-550\" title=\"09\" \/><\/li>\n                <li style=\"display: none; width: 100%;\" class=\"slide-551 ms-image \" aria-roledescription=\"slide\" aria-label=\"slide-551\"><img loading=\"lazy\" decoding=\"async\" src=\"https:\/\/desalpes-kandersteg.ch\/web\/wp-content\/uploads\/2023\/12\/10.jpg\" height=\"460\" width=\"440\" alt=\"\" class=\"slider-541 slide-551\" title=\"10\" \/><\/li>\n                <li style=\"display: none; width: 100%;\" class=\"slide-552 ms-image \" aria-roledescription=\"slide\" aria-label=\"slide-552\"><img loading=\"lazy\" decoding=\"async\" src=\"https:\/\/desalpes-kandersteg.ch\/web\/wp-content\/uploads\/2023\/12\/11.jpg\" height=\"460\" width=\"440\" alt=\"\" class=\"slider-541 slide-552\" title=\"11\" \/><\/li>\n                <li style=\"display: none; width: 100%;\" class=\"slide-553 ms-image \" aria-roledescription=\"slide\" aria-label=\"slide-553\"><img loading=\"lazy\" decoding=\"async\" src=\"https:\/\/desalpes-kandersteg.ch\/web\/wp-content\/uploads\/2023\/12\/12.jpg\" height=\"460\" width=\"440\" alt=\"\" class=\"slider-541 slide-553\" title=\"12\" \/><\/li>\n                <li style=\"display: none; width: 100%;\" class=\"slide-554 ms-image \" aria-roledescription=\"slide\" aria-label=\"slide-554\"><img loading=\"lazy\" decoding=\"async\" src=\"https:\/\/desalpes-kandersteg.ch\/web\/wp-content\/uploads\/2023\/12\/13.jpg\" height=\"460\" width=\"440\" alt=\"\" class=\"slider-541 slide-554\" title=\"13\" \/><\/li>\n                <li style=\"display: none; width: 100%;\" class=\"slide-555 ms-image \" aria-roledescription=\"slide\" aria-label=\"slide-555\"><img loading=\"lazy\" decoding=\"async\" src=\"https:\/\/desalpes-kandersteg.ch\/web\/wp-content\/uploads\/2023\/12\/14.jpg\" height=\"460\" width=\"440\" alt=\"\" class=\"slider-541 slide-555\" title=\"14\" \/><\/li>\n                <li style=\"display: none; width: 100%;\" class=\"slide-556 ms-image \" aria-roledescription=\"slide\" aria-label=\"slide-556\"><img loading=\"lazy\" decoding=\"async\" src=\"https:\/\/desalpes-kandersteg.ch\/web\/wp-content\/uploads\/2023\/12\/15.jpg\" height=\"460\" width=\"440\" alt=\"\" class=\"slider-541 slide-556\" title=\"15\" \/><\/li>\n            <\/ul>\n        <\/div>\n        \n    <\/div>\n<\/div><\/span><\/p>\n<\/div><\/p>\n","protected":false},"excerpt":{"rendered":"","protected":false},"author":1,"featured_media":0,"parent":0,"menu_order":0,"comment_status":"open","ping_status":"open","template":"","meta":{"ngg_post_thumbnail":0,"footnotes":""},"_links":{"self":[{"href":"https:\/\/desalpes-kandersteg.ch\/web\/wp-json\/wp\/v2\/pages\/112"}],"collection":[{"href":"https:\/\/desalpes-kandersteg.ch\/web\/wp-json\/wp\/v2\/pages"}],"about":[{"href":"https:\/\/desalpes-kandersteg.ch\/web\/wp-json\/wp\/v2\/types\/page"}],"author":[{"embeddable":true,"href":"https:\/\/desalpes-kandersteg.ch\/web\/wp-json\/wp\/v2\/users\/1"}],"replies":[{"embeddable":true,"href":"https:\/\/desalpes-kandersteg.ch\/web\/wp-json\/wp\/v2\/comments?post=112"}],"version-history":[{"count":6,"href":"https:\/\/desalpes-kandersteg.ch\/web\/wp-json\/wp\/v2\/pages\/112\/revisions"}],"predecessor-version":[{"id":1217,"href":"https:\/\/desalpes-kandersteg.ch\/web\/wp-json\/wp\/v2\/pages\/112\/revisions\/1217"}],"wp:attachment":[{"href":"https:\/\/desalpes-kandersteg.ch\/web\/wp-json\/wp\/v2\/media?parent=112"}],"curies":[{"name":"wp","href":"https:\/\/api.w.org\/{rel}","templated":true}]}}