{"id":1220,"date":"2023-12-26T19:36:00","date_gmt":"2023-12-26T19:36:00","guid":{"rendered":"https:\/\/desalpes-kandersteg.ch\/web\/?page_id=1220"},"modified":"2023-12-26T19:36:00","modified_gmt":"2023-12-26T19:36:00","slug":"datenschutz","status":"publish","type":"page","link":"https:\/\/desalpes-kandersteg.ch\/web\/datenschutz\/?lang=en","title":{"rendered":"Datenschutz"},"content":{"rendered":"<p><b><\/b><br \/>\nHotel des Alpes, Prentler Elsbeth<br \/>\nHauptstrasse<br \/>\n3718 Kandersteg<br \/>\nSchweiz<\/p>\n<p><strong>E-Mail<\/strong>: info@desalpes-kandersteg.ch<\/p>\n<p><strong>Vertretungsberechtigte Personen<\/strong><br \/>\nPrentler Elsbeth<\/p>\n<p><strong>Name des Unternehmens<\/strong>: Hotel des Alpes, Prentler Elsbeth<\/p>\n<p><strong>Datenschutzbeauftragte Person:<\/strong><br \/>\nPrentler Elsbeth<br \/>\n+41 33 675 11 12<br \/>\ninfo@desalpes-kandersteg.ch<!-- services --><\/p>\n<p><strong>Allgemeines \/ Einleitung<\/strong><br \/>\nGest\u00fctzt auf Artikel 13 der Schweizerischen Bundesverfassung und die datenschutzrechtlichen Bestimmungen des Bundes (Datenschutzgesetz, DSG) hat jede Person Anspruch auf Schutz ihrer Privatsph\u00e4re sowie auf Schutz vor Missbrauch ihrer pers\u00f6nlichen Daten. Die Betreiber dieser Seiten nehmen den Schutz Ihrer pers\u00f6nlichen Daten sehr ernst. Wir behandeln Ihre personenbezogenen Daten vertraulich und entsprechend der gesetzlichen Datenschutzvorschriften sowie dieser Datenschutzerkl\u00e4rung.<\/p>\n<p>In Zusammenarbeit mit unseren Hosting-Providern bem\u00fchen wir uns, die Datenbanken so gut wie m\u00f6glich vor unberechtigtem Zugriff, Verlust, Missbrauch oder Verf\u00e4lschung zu sch\u00fctzen.<\/p>\n<p>Wir weisen darauf hin, dass die Daten\u00fcbertragung im Internet (z.B. bei der Kommunikation per E-Mail) Sicherheitsl\u00fccken aufweisen kann. Ein l\u00fcckenloser Schutz der Daten vor dem Zugriff durch Dritte ist nicht m\u00f6glich.<\/p>\n<p>Durch die Nutzung dieser Website erkl\u00e4ren Sie sich mit der Erhebung, Verarbeitung und Nutzung von Daten gem\u00e4ss der nachfolgenden Beschreibung einverstanden. Diese Website kann grunds\u00e4tzlich ohne Registrierung besucht werden. Daten wie aufgerufene Seiten oder Namen von aufgerufenen Dateien, Datum und Uhrzeit werden zu statistischen Zwecken auf dem Server gespeichert, ohne dass diese Daten unmittelbar auf Ihre Person bezogen werden. Soweit auf unseren Seiten personenbezogene Daten (beispielsweise Name, Anschrift oder eMail-Adressen) erhoben werden, erfolgt dies, soweit m\u00f6glich, stets auf freiwilliger Basis. Diese Daten werden ohne Ihre ausdr\u00fcckliche Zustimmung nicht an Dritte weitergegeben.<\/p>\n<p><strong>Verarbeitung personenbezogener Daten<\/strong><br \/>\nPersonenbezogene Daten sind alle Informationen, die sich auf eine identifizierte oder identifizierbare Person beziehen. Eine betroffene Person ist eine Person, \u00fcber die personenbezogene Daten verarbeitet werden. Die Verarbeitung umfasst jeden Umgang mit personenbezogenen Daten, unabh\u00e4ngig von den verwendeten Mitteln und Verfahren, insbesondere die Speicherung, Weitergabe, Beschaffung, L\u00f6schung, Aufbewahrung, Ver\u00e4nderung, Vernichtung und Verwendung personenbezogener Daten.<\/p>\n<p>Wir verarbeiten personenbezogene Daten in \u00dcbereinstimmung mit dem Schweizer Datenschutzrecht. Sofern und soweit die EU-DSGVO anwendbar ist, verarbeiten wir personenbezogene Daten dar\u00fcber hinaus auf folgenden Rechtsgrundlagen in Verbindung mit Art. 6 (1) GDPR:<br \/>\nlit. a) Verarbeitung personenbezogener Daten mit Einwilligung der betroffenen Person.<br \/>\nlit. b) Verarbeitung personenbezogener Daten zur Erf\u00fcllung eines Vertrages mit der betroffenen Person sowie zur Durchf\u00fchrung entsprechender vorvertraglicher Massnahmen.<br \/>\nlit. c) Verarbeitung personenbezogener Daten zur Erf\u00fcllung einer rechtlichen Verpflichtung, der wir nach geltendem Recht der EU oder nach geltendem Recht eines Landes, in dem die GDPR ganz oder teilweise anwendbar ist, unterliegen.<br \/>\nlit. d) Verarbeitung personenbezogener Daten zur Wahrung lebenswichtiger Interessen der betroffenen Person oder einer anderen nat\u00fcrlichen Person.<br \/>\nlit. f) Verarbeitung personenbezogener Daten zur Wahrung der berechtigten Interessen von uns oder von Dritten, sofern nicht die Grundfreiheiten und Rechte und Interessen der betroffenen Person \u00fcberwiegen. Zu den berechtigten Interessen geh\u00f6ren insbesondere unser gesch\u00e4ftliches Interesse, unsere Website bereitstellen zu k\u00f6nnen, die Informationssicherheit, die Durchsetzung eigener Rechtsanspr\u00fcche und die Einhaltung des schweizerischen Rechts.<\/p>\n<p>Wir verarbeiten personenbezogene Daten f\u00fcr die Dauer, die f\u00fcr den jeweiligen Zweck oder die jeweiligen Zwecke erforderlich ist. Bei l\u00e4ngerfristigen Aufbewahrungspflichten aufgrund gesetzlicher und anderer Verpflichtungen, denen wir unterliegen, schr\u00e4nken wir die Bearbeitung entsprechend ein.<\/p>\n<p><strong>Cookies<\/strong><br \/>\nDiese Website verwendet Cookies. Dabei handelt es sich um kleine Textdateien, die es erm\u00f6glichen, spezifische, auf den Nutzer bezogene Informationen auf dem Endger\u00e4t des Nutzers zu speichern, w\u00e4hrend der Nutzer die Website nutzt. Cookies erm\u00f6glichen es insbesondere, die Nutzungsh\u00e4ufigkeit und die Anzahl der Nutzer der Seiten zu ermitteln, Verhaltensmuster der Seitennutzung zu analysieren, aber auch, unser Angebot kundenfreundlicher zu gestalten. Cookies bleiben \u00fcber das Ende einer Browser-Sitzung hinaus gespeichert und k\u00f6nnen bei einem erneuten Besuch der Seite wieder abgerufen werden. Wenn Sie dies nicht w\u00fcnschen, sollten Sie Ihren Internet-Browser so einstellen, dass er die Annahme von Cookies verweigert.<\/p>\n<p>Ein genereller Widerspruch gegen die Verwendung von Cookies zu Online-Marketing-Zwecken kann f\u00fcr eine Vielzahl der Dienste, insbesondere beim Tracking, \u00fcber die US-Seite http:\/\/www.aboutads.info\/choices\/ oder die EU-Seite http:\/\/www.youronlinechoices.com\/ erkl\u00e4rt werden. Dar\u00fcber hinaus kann die Speicherung von Cookies durch Deaktivierung in den Browsereinstellungen erreicht werden. Bitte beachten Sie, dass in diesem Fall nicht alle Funktionen dieses Online-Angebots genutzt werden k\u00f6nnen.<\/p>\n<p><strong>Mit SSL\/TLS-Verschl\u00fcsselung<\/strong><br \/>\nDiese Website verwendet aus Sicherheitsgr\u00fcnden und zum Schutz der \u00dcbertragung vertraulicher Inhalte, wie z.B. Anfragen, die Sie an uns als Seitenbetreiber senden, eine SSL\/TLS-Verschl\u00fcsselung. Eine verschl\u00fcsselte Verbindung erkennen Sie daran, dass die Adresszeile des Browsers von &#8222;http:\/\/&#8220; auf &#8222;https:\/\/&#8220; wechselt und an dem Schloss-Symbol in Ihrer Browserzeile.<\/p>\n<p>Wenn die SSL- oder TLS-Verschl\u00fcsselung aktiviert ist, k\u00f6nnen die Daten, die Sie an uns \u00fcbermitteln, nicht von Dritten gelesen werden.<\/p>\n<p><strong>Server-Log-Dateien<\/strong><br \/>\nDer Provider dieser Website erhebt und speichert automatisch Informationen in so genannten Server-Log-Dateien, die Ihr Browser automatisch an uns \u00fcbermittelt. Dies sind:<br \/>\nBrowsertyp und Browserversion<br \/>\nVerwendetes Betriebssystem<br \/>\nReferrer URL<br \/>\nHostname des zugreifenden Rechners<br \/>\nZeitpunkt der Serveranfrage<\/p>\n<p>Diese Daten sind nicht bestimmten Personen zuordenbar. Eine Zusammenf\u00fchrung dieser Daten mit anderen Datenquellen wird nicht vorgenommen. Wir behalten uns vor, diese Daten nachtr\u00e4glich zu pr\u00fcfen, wenn uns konkrete Anhaltspunkte f\u00fcr eine rechtswidrige Nutzung bekannt werden.<\/p>\n<p><strong>Kontaktformular<\/strong><br \/>\nWenn Sie uns per Kontaktformular Anfragen zukommen lassen, werden Ihre Angaben aus dem Anfrageformular inklusive der von Ihnen dort angegebenen Kontaktdaten zwecks Bearbeitung der Anfrage und f\u00fcr den Fall von Anschlussfragen bei uns gespeichert. Diese Daten geben wir nicht ohne Ihre Einwilligung weiter.<\/p>\n<p><strong>Rechte der betroffenen Person<\/strong><br \/>\nRecht auf Best\u00e4tigung<br \/>\nJede betroffene Person hat das Recht, vom Betreiber der Website eine Best\u00e4tigung dar\u00fcber zu verlangen, ob sie betreffende personenbezogene Daten verarbeitet werden. Wenn Sie dieses Best\u00e4tigungsrecht aus\u00fcben m\u00f6chten, k\u00f6nnen Sie sich jederzeit an den Datenschutzbeauftragten wenden.<\/p>\n<p>Auskunftsrecht<br \/>\nJede von der Verarbeitung personenbezogener Daten betroffene Person hat das Recht, vom Betreiber dieser Website jederzeit unentgeltlich Auskunft \u00fcber die zu ihrer Person gespeicherten Daten und eine Kopie dieser Auskunft zu erhalten. Dar\u00fcber hinaus kann ggf. Auskunft \u00fcber Folgendes erteilt werden:<br \/>\nZwecke der Verarbeitung<br \/>\nKategorien der verarbeiteten personenbezogenen Daten<br \/>\nEmpf\u00e4nger, an die die personenbezogenen Daten weitergegeben wurden oder werden<br \/>\nwenn m\u00f6glich, die geplante Dauer der Speicherung der personenbezogenen Daten oder, falls dies nicht m\u00f6glich ist, die Kriterien f\u00fcr die Festlegung dieser Dauer<br \/>\ndas Bestehen eines Rechts auf Berichtigung oder L\u00f6schung der sie betreffenden personenbezogenen Daten oder auf Einschr\u00e4nkung der Verarbeitung durch den f\u00fcr die Verarbeitung Verantwortlichen oder ein Recht auf Widerspruch gegen eine solche Verarbeitung<br \/>\ndas Bestehen eines Beschwerderechts bei einer Aufsichtsbeh\u00f6rde<br \/>\nwenn die personenbezogenen Daten nicht bei der betroffenen Person erhoben werden: Alle verf\u00fcgbaren Informationen \u00fcber die Herkunft der Daten.<br \/>\nAusserdem hat die betroffene Person das Recht, dar\u00fcber informiert zu werden, ob personenbezogene Daten in ein Drittland oder an eine internationale Organisation \u00fcbermittelt worden sind. Ist dies der Fall, so hat die betroffene Person ausserdem das Recht, Auskunft \u00fcber die geeigneten Garantien im Zusammenhang mit der \u00dcbermittlung zu erhalten.<br \/>\nWenn Sie von diesem Auskunftsrecht Gebrauch machen m\u00f6chten, k\u00f6nnen Sie sich jederzeit an unseren Datenschutzbeauftragten wenden.<\/p>\n<p>Recht auf Berichtigung<br \/>\nJede von der Verarbeitung personenbezogener Daten betroffene Person hat das Recht, die unverz\u00fcgliche Berichtigung sie betreffender unrichtiger personenbezogener Daten zu verlangen. Dar\u00fcber hinaus hat die betroffene Person das Recht, unter Ber\u00fccksichtigung der Zwecke der Verarbeitung, die Vervollst\u00e4ndigung unvollst\u00e4ndiger personenbezogener Daten &#8211; auch mittels einer erg\u00e4nzenden Erkl\u00e4rung &#8211; zu verlangen.<br \/>\nWenn Sie dieses Recht auf Berichtigung aus\u00fcben m\u00f6chten, k\u00f6nnen Sie sich jederzeit an unseren Datenschutzbeauftragten wenden.<\/p>\n<p>Recht auf L\u00f6schung (Recht auf Vergessenwerden)<br \/>\nJede von der Verarbeitung personenbezogener Daten betroffene Person hat das Recht, von dem f\u00fcr die Verarbeitung Verantwortlichen dieser Website die unverz\u00fcgliche L\u00f6schung der sie betreffenden personenbezogenen Daten zu verlangen, sofern einer der folgenden Gr\u00fcnde zutrifft und die Verarbeitung nicht mehr erforderlich ist:<br \/>\nDie personenbezogenen Daten wurden f\u00fcr Zwecke erhoben oder auf sonstige Weise verarbeitet, f\u00fcr die sie nicht mehr erforderlich sind.<br \/>\nDie betroffene Person widerruft die Einwilligung, auf der die Verarbeitung beruhte, und es gibt keine andere Rechtsgrundlage f\u00fcr die Verarbeitung<br \/>\nDie betroffene Person legt aus Gr\u00fcnden, die sich aus ihrer besonderen Situation ergeben, Widerspruch gegen die Verarbeitung ein, und es liegen keine vorrangigen berechtigten Gr\u00fcnde f\u00fcr die Verarbeitung vor, oder die betroffene Person legt im Falle von Direktwerbung und damit verbundenem Profiling Widerspruch gegen die Verarbeitung ein<br \/>\nDie personenbezogenen Daten wurden unrechtm\u00e4ssig verarbeitet<br \/>\nDie L\u00f6schung der personenbezogenen Daten ist zur Erf\u00fcllung einer rechtlichen Verpflichtung nach dem Unionsrecht oder dem Recht der Mitgliedstaaten erforderlich, dem der f\u00fcr die Verarbeitung Verantwortliche unterliegt<br \/>\nDie personenbezogenen Daten wurden in Bezug auf angebotene Dienste der Informationsgesellschaft erhoben, die direkt an ein Kind gerichtet sind<br \/>\nWenn einer der oben genannten Gr\u00fcnde zutrifft und Sie die L\u00f6schung von personenbezogenen Daten, die beim Betreiber dieser Website gespeichert sind, veranlassen m\u00f6chten, k\u00f6nnen Sie sich jederzeit an unseren Datenschutzbeauftragten wenden. Der Datenschutzbeauftragte dieser Website wird veranlassen, dass dem L\u00f6schverlangen unverz\u00fcglich nachgekommen wird.<\/p>\n<p>Recht auf Einschr\u00e4nkung der Verarbeitung<br \/>\nJede von der Verarbeitung personenbezogener Daten betroffene Person hat das Recht, von dem f\u00fcr die Verarbeitung Verantwortlichen dieser Website die Einschr\u00e4nkung der Verarbeitung zu verlangen, wenn eine der folgenden Bedingungen erf\u00fcllt ist:<br \/>\nDie Richtigkeit der personenbezogenen Daten wird von der betroffenen Person bestritten, und zwar f\u00fcr einen Zeitraum, der es dem f\u00fcr die Verarbeitung Verantwortlichen erm\u00f6glicht, die Richtigkeit der personenbezogenen Daten zu \u00fcberpr\u00fcfen<br \/>\nDie Verarbeitung ist unrechtm\u00e4ssig, die betroffene Person legt Widerspruch gegen die L\u00f6schung der personenbezogenen Daten ein und verlangt stattdessen die Einschr\u00e4nkung der Nutzung der personenbezogenen Daten<br \/>\nDer f\u00fcr die Verarbeitung Verantwortliche ben\u00f6tigt die personenbezogenen Daten nicht mehr f\u00fcr die Zwecke der Verarbeitung, die betroffene Person ben\u00f6tigt sie jedoch f\u00fcr die Geltendmachung, Die betroffene Person hat aus Gr\u00fcnden, die sich aus ihrer besonderen Situation ergeben, Widerspruch gegen die Verarbeitung eingelegt, und es steht noch nicht fest, ob die berechtigten Interessen des Verantwortlichen gegen\u00fcber denen der betroffenen Person \u00fcberwiegen<br \/>\nWenn eine der vorgenannten Voraussetzungen gegeben ist, k\u00f6nnen Sie sich jederzeit an unseren Datenschutzbeauftragten wenden, um die Einschr\u00e4nkung der Verarbeitung personenbezogener Daten beim Betreiber dieser Website zu verlangen. Der Datenschutzbeauftragte dieser Website wird die Einschr\u00e4nkung der Verarbeitung veranlassen.<\/p>\n<p>Recht auf Daten\u00fcbertragbarkeit<br \/>\nJede von der Verarbeitung personenbezogener Daten betroffene Person hat das Recht, die sie betreffenden personenbezogenen Daten in einem strukturierten, g\u00e4ngigen und maschinenlesbaren Format zu erhalten. Dar\u00fcber hinaus hat die betroffene Person das Recht, zu erwirken, dass die personenbezogenen Daten direkt von einem f\u00fcr die Verarbeitung Verantwortlichen an einen anderen f\u00fcr die Verarbeitung Verantwortlichen \u00fcbermittelt werden, sofern dies technisch machbar ist und sofern dadurch nicht die Rechte und Freiheiten anderer Personen beeintr\u00e4chtigt werden.<br \/>\nUm das Recht auf Daten\u00fcbertragbarkeit geltend zu machen, k\u00f6nnen Sie sich jederzeit an den vom Betreiber dieser Website benannten Datenschutzbeauftragten wenden.<br \/>\nEin Widerspruchsrecht<br \/>\nJede von der Verarbeitung personenbezogener Daten betroffene Person hat das Recht, aus Gr\u00fcnden, die sich aus ihrer besonderen Situation ergeben, jederzeit gegen die Verarbeitung sie betreffender personenbezogener Daten Widerspruch einzulegen.<br \/>\nDer Betreiber dieser Website wird die personenbezogenen Daten im Falle des Widerspruchs nicht mehr verarbeiten, es sei denn, wir k\u00f6nnen zwingende schutzw\u00fcrdige Gr\u00fcnde f\u00fcr die Verarbeitung nachweisen, die die Interessen, Rechte und Freiheiten der betroffenen Person \u00fcberwiegen, oder die Verarbeitung dient der Geltendmachung, Aus\u00fcbung oder Verteidigung von Rechtsanspr\u00fcchen.<br \/>\nUm von Ihrem Widerspruchsrecht Gebrauch zu machen, k\u00f6nnen Sie sich direkt an den Datenschutzbeauftragten dieser Website wenden.<br \/>\nRecht auf Widerruf einer datenschutzrechtlichen Einwilligung<br \/>\nJede von der Verarbeitung personenbezogener Daten betroffene Person hat das Recht, eine erteilte Einwilligung in die Verarbeitung personenbezogener Daten jederzeit zu widerrufen.<br \/>\nWenn Sie von Ihrem Recht auf Widerruf einer Einwilligung Gebrauch machen m\u00f6chten, k\u00f6nnen Sie sich jederzeit an unseren Datenschutzbeauftragten wenden.<\/p>\n<p><strong>Urheberrechte<\/strong><br \/>\nDas Urheberrecht und alle anderen Rechte an den Inhalten, Bildern, Fotos oder sonstigen Dateien auf der Website geh\u00f6ren ausschliesslich dem Betreiber dieser Website oder den namentlich genannten Rechteinhabern. F\u00fcr die Vervielf\u00e4ltigung s\u00e4mtlicher Dateien muss vorab die schriftliche Zustimmung der Urheberrechtsinhaber eingeholt werden.<br \/>\nWer ohne Zustimmung der jeweiligen Urheberrechtsinhaber eine Urheberrechtsverletzung begeht, kann sich strafbar machen und unter Umst\u00e4nden Schadenersatzanspr\u00fcche geltend machen.<\/p>\n<p><strong>Haftungsausschluss<\/strong><br \/>\nAlle Angaben auf unserer Website wurden sorgf\u00e4ltig gepr\u00fcft. Wir sind bem\u00fcht, daf\u00fcr Sorge zu tragen, dass die von uns bereitgestellten Informationen aktuell, richtig und vollst\u00e4ndig sind. Dennoch ist das Auftreten von Fehlern nicht v\u00f6llig auszuschliessen, so dass wir f\u00fcr die Vollst\u00e4ndigkeit, Richtigkeit und Aktualit\u00e4t der Informationen, auch journalistisch-redaktioneller Art, keine Gew\u00e4hr \u00fcbernehmen k\u00f6nnen. Haftungsanspr\u00fcche, die sich auf Sch\u00e4den materieller oder ideeller Art beziehen, welche durch die Nutzung oder Nichtnutzung der dargebotenen Informationen bzw. durch die Nutzung fehlerhafter und unvollst\u00e4ndiger Informationen verursacht wurden, sind grunds\u00e4tzlich ausgeschlossen.<br \/>\nDer Herausgeber kann Texte nach eigenem Ermessen und ohne vorherige Ank\u00fcndigung \u00e4ndern oder l\u00f6schen und ist nicht dazu verpflichtet, die Inhalte dieser Website zu aktualisieren. Die Nutzung dieser Website bzw. der Zugang zu ihr erfolgt auf eigenes Risiko des Besuchers. Der Herausgeber, seine Kunden oder Partner sind nicht verantwortlich f\u00fcr Sch\u00e4den, wie z.B. direkte, indirekte, zuf\u00e4llige oder Folgesch\u00e4den, die angeblich durch den Besuch dieser Website verursacht wurden und \u00fcbernehmen folglich keine Haftung f\u00fcr solche Sch\u00e4den.<br \/>\nDer Herausgeber \u00fcbernimmt auch keine Verantwortung oder Haftung f\u00fcr den Inhalt und die Verf\u00fcgbarkeit von Websites Dritter, die \u00fcber externe Links von dieser Website aus erreicht werden k\u00f6nnen. F\u00fcr den Inhalt der verlinkten Seiten sind ausschliesslich deren Betreiber verantwortlich. Der Herausgeber distanziert sich daher ausdr\u00fccklich von allen fremden Inhalten, die m\u00f6glicherweise straf- oder haftungsrechtlich relevant sind oder gegen die guten Sitten verstossen.<\/p>\n<p><strong>Google Maps<\/strong><br \/>\nDiese Website nutzt das Angebot von Google Maps. Dies erm\u00f6glicht es uns, interaktive Karten direkt auf der Website darzustellen und Ihnen die komfortable Nutzung der Kartenfunktion zu erm\u00f6glichen. Durch den Besuch der Website erh\u00e4lt Google die Information, dass Sie die entsprechende Unterseite unserer Website aufgerufen haben. Dies geschieht unabh\u00e4ngig davon, ob Google ein Nutzerkonto bereitstellt, \u00fcber das Sie eingeloggt sind, oder ob kein Nutzerkonto vorhanden ist. Wenn Sie bei Google eingeloggt sind, werden Ihre Daten direkt Ihrem Konto zugeordnet. Wenn Sie die Zuordnung zu Ihrem Profil bei Google nicht w\u00fcnschen, m\u00fcssen Sie sich vor Aktivierung der Schaltfl\u00e4che ausloggen. Google speichert Ihre Daten als Nutzungsprofile und nutzt sie f\u00fcr Zwecke der Werbung, Marktforschung und\/oder bedarfsgerechten Gestaltung seiner Website. Eine solche Auswertung erfolgt insbesondere (auch f\u00fcr nicht eingeloggte Nutzer) zur Erbringung bedarfsgerechter Werbung und um andere Nutzer des sozialen Netzwerks \u00fcber Ihre Aktivit\u00e4ten auf unserer Website zu informieren. Sie haben das Recht, der Erstellung dieser Nutzerprofile zu widersprechen, wobei Sie sich zur Aus\u00fcbung dieses Rechts an Google wenden m\u00fcssen. N\u00e4here Informationen zu Zweck und Umfang der Datenerhebung und -verarbeitung durch Google sowie weitere Informationen zu Ihren diesbez\u00fcglichen Rechten und Einstellungsm\u00f6glichkeiten zum Schutz Ihrer Privatsph\u00e4re finden Sie unter: www.google.de\/intl\/de\/policies\/privacy.<\/p>\n<p><strong>Google WebFonts<\/strong><br \/>\nDiese Website verwendet f\u00fcr die einheitliche Darstellung von Schriftarten sogenannte Webfonts, die von Google bereitgestellt werden. Wenn Sie eine Seite aufrufen, l\u00e4dt Ihr Browser die ben\u00f6tigten Web Fonts in seinen Browser-Cache, um Texte und Schriften korrekt darzustellen. Wenn Ihr Browser keine Web Fonts unterst\u00fctzt, wird eine Standardschriftart von Ihrem Computer verwendet.<br \/>\nWeitere Informationen zu Google Web Fonts finden Sie unter https:\/\/developers.google.com\/fonts\/faq und in den Datenschutzbestimmungen von Google: https:\/\/www.google.com\/policies\/privacy\/<\/p>\n<p><strong>Daten\u00fcbermittlung in die USA<\/strong><br \/>\nAuf unserer Website sind u.a. Tools von Unternehmen mit Sitz in den USA eingebunden. Wenn diese Tools aktiv sind, k\u00f6nnen Ihre personenbezogenen Daten an die US-Server der jeweiligen Unternehmen \u00fcbertragen werden. Wir weisen darauf hin, dass die USA kein sicherer Drittstaat im Sinne des EU-Datenschutzrechts sind. US-Unternehmen sind verpflichtet, personenbezogene Daten an Sicherheitsbeh\u00f6rden herauszugeben, ohne dass Sie als Betroffener dagegen rechtlich vorgehen k\u00f6nnen. Es kann daher nicht ausgeschlossen werden, dass US-Beh\u00f6rden (z.B. Geheimdienste) Ihre auf US-Servern befindlichen Daten zu \u00dcberwachungszwecken verarbeiten, auswerten und dauerhaft speichern. Auf diese Verarbeitungsvorg\u00e4nge haben wir keinen Einfluss.<\/p>\n<p><strong>\u00c4nderungen<\/strong><br \/>\nWir k\u00f6nnen diese Datenschutzrichtlinie jederzeit ohne vorherige Ank\u00fcndigung \u00e4ndern. Es gilt die jeweils aktuelle, auf unserer Website ver\u00f6ffentlichte Fassung. Soweit die Datenschutzerkl\u00e4rung Teil einer Vereinbarung mit Ihnen ist, werden wir Sie im Falle einer Aktualisierung per E-Mail oder auf andere geeignete Weise \u00fcber die \u00c4nderung informieren.<!-- footer-text --><\/p>\n<p><strong>Haftungsausschluss<\/strong><br \/>\nDer Autor \u00fcbernimmt keine Gew\u00e4hr f\u00fcr die Richtigkeit, Genauigkeit, Aktualit\u00e4t, Zuverl\u00e4ssigkeit und Vollst\u00e4ndigkeit der Informationen.<br \/>\nHaftungsanspr\u00fcche gegen den Autor wegen Sch\u00e4den materieller oder immaterieller Art, die aus dem Zugriff oder der Nutzung bzw. Nichtnutzung der ver\u00f6ffentlichten Informationen, durch Missbrauch der Verbindung oder durch technische St\u00f6rungen entstanden sind, werden ausgeschlossen.<\/p>\n<p>Alle Angebote sind freibleibend. Der Autor beh\u00e4lt es sich ausdr\u00fccklich vor, Teile der Seiten oder das gesamte Angebot ohne gesonderte Ank\u00fcndigung zu ver\u00e4ndern, zu erg\u00e4nzen, zu l\u00f6schen oder die Ver\u00f6ffentlichung zeitweise oder endg\u00fcltig einzustellen.<\/p>\n<p><strong>Quelle<\/strong>: <a style=\"color: inherit; text-decoration: none;\" href=\"https:\/\/brainbox.swiss\/\">BrainBox Solutions<\/a><\/p>\n","protected":false},"excerpt":{"rendered":"<p>Hotel des Alpes, Prentler Elsbeth Hauptstrasse 3718 Kandersteg Schweiz E-Mail: info@desalpes-kandersteg.ch Vertretungsberechtigte Personen Prentler Elsbeth Name des Unternehmens: Hotel des Alpes, Prentler Elsbeth Datenschutzbeauftragte Person: Prentler Elsbeth +41 33 675 11 12 info@desalpes-kandersteg.ch Allgemeines \/ Einleitung Gest\u00fctzt auf Artikel 13 der Schweizerischen Bundesverfassung und die datenschutzrechtlichen Bestimmungen des Bundes (Datenschutzgesetz, DSG) hat jede Person Anspruch [&hellip;]<\/p>\n","protected":false},"author":1,"featured_media":0,"parent":0,"menu_order":0,"comment_status":"closed","ping_status":"closed","template":"","meta":{"ngg_post_thumbnail":0,"footnotes":""},"_links":{"self":[{"href":"https:\/\/desalpes-kandersteg.ch\/web\/wp-json\/wp\/v2\/pages\/1220"}],"collection":[{"href":"https:\/\/desalpes-kandersteg.ch\/web\/wp-json\/wp\/v2\/pages"}],"about":[{"href":"https:\/\/desalpes-kandersteg.ch\/web\/wp-json\/wp\/v2\/types\/page"}],"author":[{"embeddable":true,"href":"https:\/\/desalpes-kandersteg.ch\/web\/wp-json\/wp\/v2\/users\/1"}],"replies":[{"embeddable":true,"href":"https:\/\/desalpes-kandersteg.ch\/web\/wp-json\/wp\/v2\/comments?post=1220"}],"version-history":[{"count":1,"href":"https:\/\/desalpes-kandersteg.ch\/web\/wp-json\/wp\/v2\/pages\/1220\/revisions"}],"predecessor-version":[{"id":1221,"href":"https:\/\/desalpes-kandersteg.ch\/web\/wp-json\/wp\/v2\/pages\/1220\/revisions\/1221"}],"wp:attachment":[{"href":"https:\/\/desalpes-kandersteg.ch\/web\/wp-json\/wp\/v2\/media?parent=1220"}],"curies":[{"name":"wp","href":"https:\/\/api.w.org\/{rel}","templated":true}]}}