{"id":18,"date":"2012-08-29T19:46:24","date_gmt":"2012-08-29T19:46:24","guid":{"rendered":"http:\/\/desalpes-kandersteg.ch\/cms\/?page_id=18"},"modified":"2022-05-05T08:59:24","modified_gmt":"2022-05-05T08:59:24","slug":"preise","status":"publish","type":"page","link":"https:\/\/desalpes-kandersteg.ch\/web\/preise\/","title":{"rendered":"Preise"},"content":{"rendered":"<h3><strong><span style=\"color: #333333;\">Unsere Zimmerpreise ab 1. Juni 2022<\/span><\/strong><\/h3>\n<p><em><strong><span style=\"text-decoration: underline;\">Doppelzimmer mit Fr\u00fchst\u00fcck:<\/span><\/strong><br \/>\n<\/em>1 Nacht p.P. sfr. 74.-<br \/>\nab 2 N\u00e4chte p.P. sfr. 69.-<br \/>\nab 3 N\u00e4chte p.P. sfr. 65.-<br \/>\nab 5 N\u00e4chte p.P. sfr. 62.-<\/p>\n<p><em><strong><span style=\"text-decoration: underline;\">Doppelzimmer mit Halbpension:<\/span><\/strong><br \/>\n<\/em>1 Nacht p.P. sfr. 99.-<br \/>\nab 2 N\u00e4chte p.P. sfr. 94.-<br \/>\nab 3 N\u00e4chte p.P. sfr. 90.-<br \/>\nab 5 N\u00e4chte p.P. sfr. 85.-<\/p>\n<p><strong><span style=\"text-decoration: underline;\"><em>Einzelzimmer sind die gleichen Preise<\/em><\/span><\/strong><\/p>\n<p>Kinder bis 3 Jahre gratis<br \/>\nKinder mit Fr\u00fchst\u00fcck &nbsp;= &nbsp;Alter mal 2<br \/>\nKinder mit Halbpension &nbsp;= Alter mal 3<\/p>\n<p><strong><span style=\"text-decoration: underline;\"><em>Gruppenpreise auf Anfrage!&nbsp;Kein Hochsaisonzuschlag!<\/em><\/span><\/strong><br \/>\nMehrbettzimmer\/ Familienzimmer 3-5 Betten<\/p>\n<hr>\n<p><strong><span style=\"text-decoration: underline;\"><em>MASSENLAGER (nur im Sommer)<\/em><\/span><\/strong><br \/>\nSie teilen sich den Raum mit mehreren anderen G\u00e4sten. Unser Massenlager bietet Platz bis zu 18 Personen, aufgeteilt in ein Zweierraum, ein Zehnerraum und ein Sechserraum<\/p>\n<p><span style=\"text-decoration: underline;\">Ausstattung:<em><br \/>\n<\/em><\/span>2 Duschen<br \/>\n2 Toiletten<br \/>\n1 Fleecedecke<br \/>\n1 Handtuch<\/p>\n<p><span style=\"text-decoration: underline;\">Preise:<em><br \/>\n<\/em><\/span>p.P. sfr. &nbsp;27.-<br \/>\nmit Fr\u00fchst\u00fccksbuffet &nbsp;sfr. 39.-<br \/>\nKinder bis 3 Jahre gratis<br \/>\nKinder nach Alter<br \/>\nGruppe ab 10 Personen mit Fr\u00fchst\u00fccksbuffet p.P. sfr. 35.-<\/p>\n<hr>\n<p>F\u00fcr weitere Fragen melden Sie sich einfach.<br \/>\nWir w\u00fcrden uns freuen Sie bei uns im Hotel zu begr\u00fcssen<\/p>\n<p>Mit freundlichen Gr\u00fcssen,<br \/>\nElsbeth Prentler<\/p>\n","protected":false},"excerpt":{"rendered":"<p>Unsere Zimmerpreise ab 1. Juni 2022 Doppelzimmer mit Fr\u00fchst\u00fcck: 1 Nacht p.P. sfr. 74.- ab 2 N\u00e4chte p.P. sfr. 69.- ab 3 N\u00e4chte p.P. sfr. 65.- ab 5 N\u00e4chte p.P. sfr. 62.- Doppelzimmer mit Halbpension: 1 Nacht p.P. sfr. 99.- ab 2 N\u00e4chte p.P. sfr. 94.- ab 3 N\u00e4chte p.P. sfr. 90.- ab 5 N\u00e4chte [&hellip;]<\/p>\n","protected":false},"author":1,"featured_media":0,"parent":0,"menu_order":0,"comment_status":"closed","ping_status":"open","template":"","meta":{"ngg_post_thumbnail":0,"footnotes":""},"_links":{"self":[{"href":"https:\/\/desalpes-kandersteg.ch\/web\/wp-json\/wp\/v2\/pages\/18"}],"collection":[{"href":"https:\/\/desalpes-kandersteg.ch\/web\/wp-json\/wp\/v2\/pages"}],"about":[{"href":"https:\/\/desalpes-kandersteg.ch\/web\/wp-json\/wp\/v2\/types\/page"}],"author":[{"embeddable":true,"href":"https:\/\/desalpes-kandersteg.ch\/web\/wp-json\/wp\/v2\/users\/1"}],"replies":[{"embeddable":true,"href":"https:\/\/desalpes-kandersteg.ch\/web\/wp-json\/wp\/v2\/comments?post=18"}],"version-history":[{"count":8,"href":"https:\/\/desalpes-kandersteg.ch\/web\/wp-json\/wp\/v2\/pages\/18\/revisions"}],"predecessor-version":[{"id":472,"href":"https:\/\/desalpes-kandersteg.ch\/web\/wp-json\/wp\/v2\/pages\/18\/revisions\/472"}],"wp:attachment":[{"href":"https:\/\/desalpes-kandersteg.ch\/web\/wp-json\/wp\/v2\/media?parent=18"}],"curies":[{"name":"wp","href":"https:\/\/api.w.org\/{rel}","templated":true}]}}