{"id":5,"date":"2012-08-29T12:10:49","date_gmt":"2012-08-29T12:10:49","guid":{"rendered":"http:\/\/desalpes-kandersteg.ch\/cms\/?page_id=2"},"modified":"2023-12-26T17:57:23","modified_gmt":"2023-12-26T17:57:23","slug":"sample-page-2","status":"publish","type":"page","link":"https:\/\/desalpes-kandersteg.ch\/web\/","title":{"rendered":"Home"},"content":{"rendered":"<div class=\"one-half first\">\n<p>Herzlich Willkommen in Kandersteg!<\/p>\n<p>Wir sind eine kleine Hotel Pension, die von unserer Familie gef\u00fchrt wird. In ungezwungener Athmosph\u00e4re werden Sie sich in unserem 2-Sternehaus wohlf\u00fchlen. Alle unsere Zimmer verf\u00fcgen ein WC, Dusche oder Badewanne, Fernseher und Telefon, inklusive Fr\u00fchst\u00fccksbuffet.<\/p>\n<p>Unser Haus liegt ca. 10 Minuten vom Bahnhof und 5 Minuten vom Dorfzentrum entfernt direkt am Naturschutzgebiet &#8222;Muggenseeli&#8220;. Im Winter liegt der Ausgangspunkt zur Langlaufloipe hinter unserem Haus. Der Ortsbus h\u00e4lt direkt vor unserem Haus und bringt Sie zu den Bergbahnen<\/p>\n<p>Es w\u00fcrde uns freuen Sie bei uns begr\u00fcssen zu d\u00fcrfen!<\/p>\n<address>Elsbeth und Burkhard Prentler mit den Kindern<br \/>\nSascha, Jennifer und Nathalie.<\/address>\n<address>&nbsp;<\/p>\n<\/address>\n<\/div><div class=\"one-half\">\n<p><span style=\"font-style: italic;\"><div id=\"metaslider-id-541\" style=\"width: 100%;\" class=\"ml-slider-3-93-0 metaslider metaslider-flex metaslider-541 ml-slider ms-theme-default nav-hidden\" role=\"region\" aria-roledescription=\"Slideshow\" aria-label=\"New Slideshow\">\n    <div id=\"metaslider_container_541\">\n        <div id=\"metaslider_541\">\n            <ul class='slides'>\n                <li style=\"display: block; width: 100%;\" class=\"slide-542 ms-image \" aria-roledescription=\"slide\" aria-label=\"slide-542\"><img loading=\"lazy\" decoding=\"async\" src=\"https:\/\/desalpes-kandersteg.ch\/web\/wp-content\/uploads\/2023\/12\/01.jpg\" height=\"460\" width=\"440\" alt=\"\" class=\"slider-541 slide-542\" title=\"01\" \/><\/li>\n                <li style=\"display: none; width: 100%;\" class=\"slide-543 ms-image \" aria-roledescription=\"slide\" aria-label=\"slide-543\"><img loading=\"lazy\" decoding=\"async\" src=\"https:\/\/desalpes-kandersteg.ch\/web\/wp-content\/uploads\/2023\/12\/02.jpg\" height=\"460\" width=\"440\" alt=\"\" class=\"slider-541 slide-543\" title=\"02\" \/><\/li>\n                <li style=\"display: none; width: 100%;\" class=\"slide-544 ms-image \" aria-roledescription=\"slide\" aria-label=\"slide-544\"><img loading=\"lazy\" decoding=\"async\" src=\"https:\/\/desalpes-kandersteg.ch\/web\/wp-content\/uploads\/2023\/12\/03.jpg\" height=\"460\" width=\"440\" alt=\"\" class=\"slider-541 slide-544\" title=\"03\" \/><\/li>\n                <li style=\"display: none; width: 100%;\" class=\"slide-545 ms-image \" aria-roledescription=\"slide\" aria-label=\"slide-545\"><img loading=\"lazy\" decoding=\"async\" src=\"https:\/\/desalpes-kandersteg.ch\/web\/wp-content\/uploads\/2023\/12\/04.jpg\" height=\"460\" width=\"440\" alt=\"\" class=\"slider-541 slide-545\" title=\"04\" \/><\/li>\n                <li style=\"display: none; width: 100%;\" class=\"slide-546 ms-image \" aria-roledescription=\"slide\" aria-label=\"slide-546\"><img loading=\"lazy\" decoding=\"async\" src=\"https:\/\/desalpes-kandersteg.ch\/web\/wp-content\/uploads\/2023\/12\/05.jpg\" height=\"460\" width=\"440\" alt=\"\" class=\"slider-541 slide-546\" title=\"05\" \/><\/li>\n                <li style=\"display: none; width: 100%;\" class=\"slide-547 ms-image \" aria-roledescription=\"slide\" aria-label=\"slide-547\"><img loading=\"lazy\" decoding=\"async\" src=\"https:\/\/desalpes-kandersteg.ch\/web\/wp-content\/uploads\/2023\/12\/06.jpg\" height=\"460\" width=\"440\" alt=\"\" class=\"slider-541 slide-547\" title=\"06\" \/><\/li>\n                <li style=\"display: none; width: 100%;\" class=\"slide-548 ms-image \" aria-roledescription=\"slide\" aria-label=\"slide-548\"><img loading=\"lazy\" decoding=\"async\" src=\"https:\/\/desalpes-kandersteg.ch\/web\/wp-content\/uploads\/2023\/12\/07.jpg\" height=\"460\" width=\"440\" alt=\"\" class=\"slider-541 slide-548\" title=\"07\" \/><\/li>\n                <li style=\"display: none; width: 100%;\" class=\"slide-549 ms-image \" aria-roledescription=\"slide\" aria-label=\"slide-549\"><img loading=\"lazy\" decoding=\"async\" src=\"https:\/\/desalpes-kandersteg.ch\/web\/wp-content\/uploads\/2023\/12\/08.jpg\" height=\"460\" width=\"440\" alt=\"\" class=\"slider-541 slide-549\" title=\"08\" \/><\/li>\n                <li style=\"display: none; width: 100%;\" class=\"slide-550 ms-image \" aria-roledescription=\"slide\" aria-label=\"slide-550\"><img loading=\"lazy\" decoding=\"async\" src=\"https:\/\/desalpes-kandersteg.ch\/web\/wp-content\/uploads\/2023\/12\/09.jpg\" height=\"460\" width=\"440\" alt=\"\" class=\"slider-541 slide-550\" title=\"09\" \/><\/li>\n                <li style=\"display: none; width: 100%;\" class=\"slide-551 ms-image \" aria-roledescription=\"slide\" aria-label=\"slide-551\"><img loading=\"lazy\" decoding=\"async\" src=\"https:\/\/desalpes-kandersteg.ch\/web\/wp-content\/uploads\/2023\/12\/10.jpg\" height=\"460\" width=\"440\" alt=\"\" class=\"slider-541 slide-551\" title=\"10\" \/><\/li>\n                <li style=\"display: none; width: 100%;\" class=\"slide-552 ms-image \" aria-roledescription=\"slide\" aria-label=\"slide-552\"><img loading=\"lazy\" decoding=\"async\" src=\"https:\/\/desalpes-kandersteg.ch\/web\/wp-content\/uploads\/2023\/12\/11.jpg\" height=\"460\" width=\"440\" alt=\"\" class=\"slider-541 slide-552\" title=\"11\" \/><\/li>\n                <li style=\"display: none; width: 100%;\" class=\"slide-553 ms-image \" aria-roledescription=\"slide\" aria-label=\"slide-553\"><img loading=\"lazy\" decoding=\"async\" src=\"https:\/\/desalpes-kandersteg.ch\/web\/wp-content\/uploads\/2023\/12\/12.jpg\" height=\"460\" width=\"440\" alt=\"\" class=\"slider-541 slide-553\" title=\"12\" \/><\/li>\n                <li style=\"display: none; width: 100%;\" class=\"slide-554 ms-image \" aria-roledescription=\"slide\" aria-label=\"slide-554\"><img loading=\"lazy\" decoding=\"async\" src=\"https:\/\/desalpes-kandersteg.ch\/web\/wp-content\/uploads\/2023\/12\/13.jpg\" height=\"460\" width=\"440\" alt=\"\" class=\"slider-541 slide-554\" title=\"13\" \/><\/li>\n                <li style=\"display: none; width: 100%;\" class=\"slide-555 ms-image \" aria-roledescription=\"slide\" aria-label=\"slide-555\"><img loading=\"lazy\" decoding=\"async\" src=\"https:\/\/desalpes-kandersteg.ch\/web\/wp-content\/uploads\/2023\/12\/14.jpg\" height=\"460\" width=\"440\" alt=\"\" class=\"slider-541 slide-555\" title=\"14\" \/><\/li>\n                <li style=\"display: none; width: 100%;\" class=\"slide-556 ms-image \" aria-roledescription=\"slide\" aria-label=\"slide-556\"><img loading=\"lazy\" decoding=\"async\" src=\"https:\/\/desalpes-kandersteg.ch\/web\/wp-content\/uploads\/2023\/12\/15.jpg\" height=\"460\" width=\"440\" alt=\"\" class=\"slider-541 slide-556\" title=\"15\" \/><\/li>\n            <\/ul>\n        <\/div>\n        \n    <\/div>\n<\/div><\/div><\/span><\/p>\n","protected":false},"excerpt":{"rendered":"","protected":false},"author":1,"featured_media":0,"parent":0,"menu_order":0,"comment_status":"open","ping_status":"open","template":"","meta":{"ngg_post_thumbnail":0,"footnotes":""},"_links":{"self":[{"href":"https:\/\/desalpes-kandersteg.ch\/web\/wp-json\/wp\/v2\/pages\/5"}],"collection":[{"href":"https:\/\/desalpes-kandersteg.ch\/web\/wp-json\/wp\/v2\/pages"}],"about":[{"href":"https:\/\/desalpes-kandersteg.ch\/web\/wp-json\/wp\/v2\/types\/page"}],"author":[{"embeddable":true,"href":"https:\/\/desalpes-kandersteg.ch\/web\/wp-json\/wp\/v2\/users\/1"}],"replies":[{"embeddable":true,"href":"https:\/\/desalpes-kandersteg.ch\/web\/wp-json\/wp\/v2\/comments?post=5"}],"version-history":[{"count":12,"href":"https:\/\/desalpes-kandersteg.ch\/web\/wp-json\/wp\/v2\/pages\/5\/revisions"}],"predecessor-version":[{"id":557,"href":"https:\/\/desalpes-kandersteg.ch\/web\/wp-json\/wp\/v2\/pages\/5\/revisions\/557"}],"wp:attachment":[{"href":"https:\/\/desalpes-kandersteg.ch\/web\/wp-json\/wp\/v2\/media?parent=5"}],"curies":[{"name":"wp","href":"https:\/\/api.w.org\/{rel}","templated":true}]}}